{"id":1375,"date":"2026-02-11T12:14:55","date_gmt":"2026-02-11T12:14:55","guid":{"rendered":"https:\/\/dejziklub.pl\/?page_id=1375"},"modified":"2026-02-11T12:21:56","modified_gmt":"2026-02-11T12:21:56","slug":"piana-party","status":"publish","type":"page","link":"https:\/\/dejziklub.pl\/index.php\/piana-party\/","title":{"rendered":"PIANA PARTY"},"content":{"rendered":"\n<p> Najmocniejszy dost\u0119pny na rynku generator g\u0119stej piany wyrzucanej na odleg\u0142o\u015b\u0107 ok. 10m, pokrywaj\u0105cej przy jednym wyrzucie ogromn\u0105 powierzchni\u0119 do zabawy! <\/p>\n\n\n\n<p>Piana Party to idealna atrakcja na letnie eventy, festyny, imprezy plenerowe, urodziny, wesela, imprezy firmowe oraz wydarzenia dla dzieci i doros\u0142ych!<\/p>\n\n\n\n<p>Co oferujemy?<\/p>\n\n\n\n<p> &#8211; Profesjonaln\u0105, najmocniejsz\u0105 dost\u0119pn\u0105 na rynku maszyn\u0119 do produkcji g\u0119stej, bezpiecznej piany<\/p>\n\n\n\n<p> &#8211; Certyfikowane, hipoalergiczne p\u0142yny bezpieczne dla sk\u00f3ry i oczu <\/p>\n\n\n\n<p>&#8211; Obs\u0142ug\u0119 techniczn\u0105 podczas trwania imprezy <\/p>\n\n\n\n<p>&#8211; Efektown\u0105 opraw\u0119 muzyczn\u0105 (opcjonalnie DJ) <\/p>\n\n\n\n<p>&#8211; Elastyczny czas wynajmu dopasowany do Twoich potrzeb &#8211; Obs\u0142ug\u0119 techniczn\u0105 posiadaj\u0105c\u0105 wieloletnie do\u015bwiadczenie w pracy z dzie\u0107mi<\/p>\n\n\n\n<p>Dost\u0119pne s\u0105 r\u00f3\u017cne warianty czasowe &#8211; do indywidualnego ustalenia<\/p>\n\n\n\n<figure class=\"mzb-image mzb-image-63c4de8f\"><img loading=\"lazy\" decoding=\"async\" width=\"4961\" height=\"7016\" class=\"wp-image-1382 hover-effect-static filter-none mask mask-none\" src=\"https:\/\/dejziklub.pl\/wp-content\/uploads\/2026\/02\/OPRAWA-MUZYCZNA.png\" alt=\"\" srcset=\"https:\/\/dejziklub.pl\/wp-content\/uploads\/2026\/02\/OPRAWA-MUZYCZNA.png 4961w, https:\/\/dejziklub.pl\/wp-content\/uploads\/2026\/02\/OPRAWA-MUZYCZNA-212x300.png 212w, https:\/\/dejziklub.pl\/wp-content\/uploads\/2026\/02\/OPRAWA-MUZYCZNA-724x1024.png 724w, https:\/\/dejziklub.pl\/wp-content\/uploads\/2026\/02\/OPRAWA-MUZYCZNA-768x1086.png 768w, https:\/\/dejziklub.pl\/wp-content\/uploads\/2026\/02\/OPRAWA-MUZYCZNA-1086x1536.png 1086w, https:\/\/dejziklub.pl\/wp-content\/uploads\/2026\/02\/OPRAWA-MUZYCZNA-1448x2048.png 1448w, https:\/\/dejziklub.pl\/wp-content\/uploads\/2026\/02\/OPRAWA-MUZYCZNA-200x283.png 200w\" sizes=\"(max-width: 4961px) 100vw, 4961px\" \/><\/figure>\n","protected":false},"excerpt":{"rendered":"<p>Najmocniejszy dost\u0119pny na rynku generator g\u0119stej piany wyrzucanej na odleg\u0142o\u015b\u0107 ok. 10m, pokrywaj\u0105cej przy jednym wyrzucie ogromn\u0105 powierzchni\u0119 do zabawy! Piana Party to idealna atrakcja na letnie eventy, festyny, imprezy plenerowe, urodziny, wesela, imprezy firmowe oraz wydarzenia dla dzieci i doros\u0142ych! Co oferujemy? &#8211; Profesjonaln\u0105, najmocniejsz\u0105 dost\u0119pn\u0105 na rynku maszyn\u0119 do produkcji g\u0119stej, bezpiecznej piany&hellip;<\/p>\n","protected":false},"author":2,"featured_media":0,"parent":0,"menu_order":0,"comment_status":"closed","ping_status":"closed","template":"","meta":{"_eb_attr":"","footnotes":""},"aioseo_notices":[],"magazineBlocksPostFeaturedMedia":{"thumbnail":false,"medium":false,"medium_large":false,"large":false,"1536x1536":false,"2048x2048":false,"depicter-thumbnail":false,"shop-page-wp-product":false,"post-thumbnail":false,"entr-img":false},"magazineBlocksPostAuthor":{"name":"Wiktoria D\u0119bek","avatar":"https:\/\/secure.gravatar.com\/avatar\/ca3c01412fe143d023e53f87898d0eab?s=96&d=mm&r=g"},"magazineBlocksPostCommentsNumber":false,"magazineBlocksPostExcerpt":"Najmocniejszy dost\u0119pny na rynku generator g\u0119stej piany wyrzucanej na odleg\u0142o\u015b\u0107 ok. 10m, pokrywaj\u0105cej przy jednym wyrzucie ogromn\u0105 powierzchni\u0119 do zabawy! Piana Party to idealna atrakcja na letnie eventy, festyny, imprezy plenerowe, urodziny, wesela, imprezy firmowe oraz wydarzenia dla dzieci i doros\u0142ych! Co oferujemy? &#8211; Profesjonaln\u0105, najmocniejsz\u0105 dost\u0119pn\u0105 na rynku maszyn\u0119 do produkcji g\u0119stej, bezpiecznej piany&hellip;","magazineBlocksPostCategories":[],"magazineBlocksPostViewCount":0,"magazineBlocksPostReadTime":1,"jetpack_sharing_enabled":true,"_links":{"self":[{"href":"https:\/\/dejziklub.pl\/index.php\/wp-json\/wp\/v2\/pages\/1375"}],"collection":[{"href":"https:\/\/dejziklub.pl\/index.php\/wp-json\/wp\/v2\/pages"}],"about":[{"href":"https:\/\/dejziklub.pl\/index.php\/wp-json\/wp\/v2\/types\/page"}],"author":[{"embeddable":true,"href":"https:\/\/dejziklub.pl\/index.php\/wp-json\/wp\/v2\/users\/2"}],"replies":[{"embeddable":true,"href":"https:\/\/dejziklub.pl\/index.php\/wp-json\/wp\/v2\/comments?post=1375"}],"version-history":[{"count":4,"href":"https:\/\/dejziklub.pl\/index.php\/wp-json\/wp\/v2\/pages\/1375\/revisions"}],"predecessor-version":[{"id":1386,"href":"https:\/\/dejziklub.pl\/index.php\/wp-json\/wp\/v2\/pages\/1375\/revisions\/1386"}],"wp:attachment":[{"href":"https:\/\/dejziklub.pl\/index.php\/wp-json\/wp\/v2\/media?parent=1375"}],"curies":[{"name":"wp","href":"https:\/\/api.w.org\/{rel}","templated":true}]}}