{"id":563,"date":"2024-03-04T19:39:48","date_gmt":"2024-03-04T19:39:48","guid":{"rendered":"https:\/\/dejziklub.pl\/?page_id=563"},"modified":"2025-04-17T08:08:43","modified_gmt":"2025-04-17T08:08:43","slug":"animacje-mobilne","status":"publish","type":"page","link":"https:\/\/dejziklub.pl\/index.php\/animacje-mobilne\/","title":{"rendered":"Pakiety animacji mobilnych"},"content":{"rendered":"\n<div data-wp-interactive=\"\" class=\"wp-block-file\"><object data-wp-bind--hidden=\"!selectors.core.file.hasPdfPreview\" hidden class=\"wp-block-file__embed\" data=\"https:\/\/dejziklub.pl\/wp-content\/uploads\/2025\/04\/oferta.animacji.caloroczna.pdf\" type=\"application\/pdf\" style=\"width:100%;height:600px\" aria-label=\"Osadzone z Cennik animacji mobilnych.\"><\/object><a id=\"wp-block-file--media-152a5888-6305-4439-8ee0-9f8d2fa6143e\" href=\"https:\/\/dejziklub.pl\/wp-content\/uploads\/2025\/04\/oferta.animacji.caloroczna.pdf\">Cennik animacji mobilnych<\/a><a href=\"https:\/\/dejziklub.pl\/wp-content\/uploads\/2025\/04\/oferta.animacji.caloroczna.pdf\" class=\"wp-block-file__button wp-element-button\" download aria-describedby=\"wp-block-file--media-152a5888-6305-4439-8ee0-9f8d2fa6143e\">Pobierz<\/a><\/div>\n\n\n\n<p class=\"has-text-align-center\">Organizujesz urodziny, komuni\u0119, wesele, festyn czy inn\u0105 imprez\u0119<br>dla swojego dziecka i chcesz, aby by\u0142a to niezapomniana dla<br>niego chwila? \u015awietnie si\u0119 sk\u0142ada!<br>Jeste\u015bmy profesjonaln\u0105 firm\u0105 animacyjn\u0105 organizuj\u0105c\u0105 animacje na<br>imprezach zar\u00f3wno dla 3 dzieci, jak i 400 dzieci. Z nami ka\u017cda<br>impreza-mniejsza, b\u0105d\u017a wi\u0119ksza, KA\u017bDA jest jednym wielkim<br>SHOW! Animatorki s\u0105 w stanie zapewni\u0107 wspania\u0142\u0105 zabaw\u0119 dla<br>wszystkich dzieciak\u00f3w, z mn\u00f3stwem przer\u00f3\u017cnych atrakcji.<br>Do\u015bwiadczenie w pracy z dzie\u0107mi zdobywane latami, pozwala<br>zadowoli\u0107 \u017cyczenia nawet najbardziej wymagaj\u0105cych dzieciak\u00f3w.<br>Dopasujemy si\u0119 w pe\u0142ni do zainteresowa\u0144 Twojego dziecka.<br>Oferta dopasowana do ka\u017cdego indywidualnie sprawi, \u017ce dzie\u0144<br>urodzin b\u0119dzie dla Twojej pociechy niezapomniany!<br>Nasze animacje wyr\u00f3\u017cniaj\u0105 si\u0119 indywidualnym podej\u015bciem do<br>ka\u017cdego dziecka, opr\u00f3cz niestandardowych animacji (zabaw<br>tanecznych, gier i konkurs\u00f3w animacyjnych) oferujemy ju\u017c w<br>najta\u0144szych pakietach (od 220z\u0142!) atrakcje dodatkowe (tj.<br>kolorowe warkoczyki, brokatowe tatua\u017ce, skr\u0119cane baloniki,<br>zamykanie w ba\u0144ce mydlanej, stroje karnawa\u0142owe). Posiadamy w<br>naszej ofercie r\u00f3wnie\u017c dmucha\u0144ce, wat\u0119 cukrow\u0105, popcorn,<br>nachosy, Dj-A, profesjonalne nag\u0142o\u015bnienie, maskotk\u0119 festynow\u0105.<br>Do ka\u017cdego pakietu posiadamy filmik ukazuj\u0105cy pakiety, kt\u00f3ry<br>przesy\u0142amy na WhatsApp.<\/p>\n\n\n\n<p><\/p>\n","protected":false},"excerpt":{"rendered":"<p>Organizujesz urodziny, komuni\u0119, wesele, festyn czy inn\u0105 imprez\u0119dla swojego dziecka i chcesz, aby by\u0142a to niezapomniana dlaniego chwila? \u015awietnie si\u0119 sk\u0142ada!Jeste\u015bmy profesjonaln\u0105 firm\u0105 animacyjn\u0105 organizuj\u0105c\u0105 animacje naimprezach zar\u00f3wno dla 3 dzieci, jak i 400 dzieci. Z nami ka\u017cdaimpreza-mniejsza, b\u0105d\u017a wi\u0119ksza, KA\u017bDA jest jednym wielkimSHOW! Animatorki s\u0105 w stanie zapewni\u0107 wspania\u0142\u0105 zabaw\u0119 dlawszystkich dzieciak\u00f3w, z mn\u00f3stwem&hellip;<\/p>\n","protected":false},"author":2,"featured_media":0,"parent":0,"menu_order":0,"comment_status":"closed","ping_status":"closed","template":"","meta":{"_eb_attr":"","footnotes":""},"aioseo_notices":[],"magazineBlocksPostFeaturedMedia":{"thumbnail":false,"medium":false,"medium_large":false,"large":false,"1536x1536":false,"2048x2048":false,"depicter-thumbnail":false,"shop-page-wp-product":false,"post-thumbnail":false,"entr-img":false},"magazineBlocksPostAuthor":{"name":"Wiktoria D\u0119bek","avatar":"https:\/\/secure.gravatar.com\/avatar\/ca3c01412fe143d023e53f87898d0eab?s=96&d=mm&r=g"},"magazineBlocksPostCommentsNumber":false,"magazineBlocksPostExcerpt":"Organizujesz urodziny, komuni\u0119, wesele, festyn czy inn\u0105 imprez\u0119dla swojego dziecka i chcesz, aby by\u0142a to niezapomniana dlaniego chwila? \u015awietnie si\u0119 sk\u0142ada!Jeste\u015bmy profesjonaln\u0105 firm\u0105 animacyjn\u0105 organizuj\u0105c\u0105 animacje naimprezach zar\u00f3wno dla 3 dzieci, jak i 400 dzieci. Z nami ka\u017cdaimpreza-mniejsza, b\u0105d\u017a wi\u0119ksza, KA\u017bDA jest jednym wielkimSHOW! Animatorki s\u0105 w stanie zapewni\u0107 wspania\u0142\u0105 zabaw\u0119 dlawszystkich dzieciak\u00f3w, z mn\u00f3stwem&hellip;","magazineBlocksPostCategories":[],"magazineBlocksPostViewCount":0,"magazineBlocksPostReadTime":1,"jetpack_sharing_enabled":true,"_links":{"self":[{"href":"https:\/\/dejziklub.pl\/index.php\/wp-json\/wp\/v2\/pages\/563"}],"collection":[{"href":"https:\/\/dejziklub.pl\/index.php\/wp-json\/wp\/v2\/pages"}],"about":[{"href":"https:\/\/dejziklub.pl\/index.php\/wp-json\/wp\/v2\/types\/page"}],"author":[{"embeddable":true,"href":"https:\/\/dejziklub.pl\/index.php\/wp-json\/wp\/v2\/users\/2"}],"replies":[{"embeddable":true,"href":"https:\/\/dejziklub.pl\/index.php\/wp-json\/wp\/v2\/comments?post=563"}],"version-history":[{"count":4,"href":"https:\/\/dejziklub.pl\/index.php\/wp-json\/wp\/v2\/pages\/563\/revisions"}],"predecessor-version":[{"id":1269,"href":"https:\/\/dejziklub.pl\/index.php\/wp-json\/wp\/v2\/pages\/563\/revisions\/1269"}],"wp:attachment":[{"href":"https:\/\/dejziklub.pl\/index.php\/wp-json\/wp\/v2\/media?parent=563"}],"curies":[{"name":"wp","href":"https:\/\/api.w.org\/{rel}","templated":true}]}}